{"id":607,"date":"2022-06-15T10:18:17","date_gmt":"2022-06-15T10:18:17","guid":{"rendered":"https:\/\/startersites.io\/stagingfour\/?page_id=607"},"modified":"2025-02-25T13:21:01","modified_gmt":"2025-02-25T16:21:01","slug":"o-que-e","status":"publish","type":"page","link":"http:\/\/cpa.uea.edu.br\/index.php\/o-que-e\/","title":{"rendered":"O que \u00e9"},"content":{"rendered":"\n<div class=\"wp-block-stackable-columns alignfull stk-block-columns stk-block stk-51b2b12 stk-block-background stk--has-background-overlay\" data-block-id=\"51b2b12\"><style>.stk-51b2b12 .stk--block-align-51b2b12{align-items:center !important}.stk-51b2b12{background-color:linear-gradient(0deg,rgb(40,171,171) 0%,rgb(21,10,37) 100%) !important;background-image:url(http:\/\/cpa.uea.edu.br\/wp-content\/uploads\/2024\/05\/headway-5QgIuuBxKwM-unsplash-1-scaled.jpg) !important;background-position:bottom center !important;background-repeat:no-repeat !important;background-size:cover !important;padding-top:300px !important;padding-bottom:200px !important;margin-bottom:0px !important}.stk-51b2b12:before{opacity:0.5 !important;background-image:linear-gradient(0deg,rgb(40,171,171) 0%,rgb(21,10,37) 100%) !important}.stk-51b2b12-column{--stk-column-gap:35px !important;row-gap:35px !important}@media screen and (max-width:999px){.stk-51b2b12{padding-top:250px !important;padding-bottom:150px !important}}@media screen and (max-width:689px){.stk-51b2b12{padding-top:150px !important;padding-bottom:100px !important}}<\/style><div class=\"stk-row stk-inner-blocks stk--block-align-51b2b12 stk-block-content stk-content-align stk-51b2b12-column\">\n<div class=\"wp-block-stackable-column stk-block-column stk-column stk-block stk-3a43e6b\" data-v=\"4\" data-block-id=\"3a43e6b\"><style>.stk-3a43e6b-container{margin-top:0px !important;margin-right:0px !important;margin-bottom:0px !important;margin-left:0px !important}<\/style><div class=\"stk-column-wrapper stk-block-column__content stk-container stk-3a43e6b-container stk--no-background stk--no-padding\"><div class=\"has-text-align-center-mobile stk-block-content stk-inner-blocks stk-3a43e6b-inner-blocks\">\n<div class=\"wp-block-stackable-heading stk-block-heading stk-block-heading--v2 stk-block stk-7225c59\" id=\"o-que-e\" data-block-id=\"7225c59\"><style>.stk-7225c59{margin-bottom:10px !important}.stk-7225c59 .stk-block-heading__text{font-size:45px !important;color:var(--theme-palette-color-8,#ffffff) !important;line-height:1.3em !important;font-weight:800 !important}@media screen and (max-width:999px){.stk-7225c59 .stk-block-heading__text{font-size:40px !important}}@media screen and (max-width:689px){.stk-7225c59 .stk-block-heading__text{font-size:30px !important}}<\/style><h2 class=\"stk-block-heading__text has-text-color has-text-align-center\">O que \u00e9<\/h2><\/div>\n<\/div><\/div><\/div>\n<\/div><\/div>\n\n\n\n<div class=\"wp-block-stackable-spacer stk-block-spacer stk--no-padding stk-block stk-b2c1613\" data-block-id=\"b2c1613\"><style>.stk-b2c1613{height:50px !important}@media screen and (max-width:999px){.stk-b2c1613{height:70px !important}}<\/style><\/div>\n\n\n\n<div class=\"wp-block-stackable-heading stk-block-heading stk-block-heading--v2 stk-block stk-a20d970\" id=\"comissao-propria-de-avaliacao\" data-block-id=\"a20d970\"><h2 class=\"stk-block-heading__text\">Comiss\u00e3o Pr\u00f3pria de Avalia\u00e7\u00e3o<\/h2><\/div>\n\n\n\n<p>Prevista pelo Sistema Nacional de Avalia\u00e7\u00e3o da Educa\u00e7\u00e3o Superior (SINAES), a avalia\u00e7\u00e3o institucional tem \u201cpor objetivo identificar o perfil da institui\u00e7\u00e3o e o significado de sua atua\u00e7\u00e3o, por meio de suas atividades, cursos, programas, projetos e setores\u201d (Lei n\u00b0 10.861, de 14 de abril de 2004).<\/p>\n\n\n\n<p>A avalia\u00e7\u00e3o interna das institui\u00e7\u00f5es, tamb\u00e9m denominada de autoavalia\u00e7\u00e3o, faz parte da Avalia\u00e7\u00e3o Institucional e caracteriza-se como um processo cont\u00ednuo por meio do qual as Institui\u00e7\u00f5es de Educa\u00e7\u00e3o Superior (IES) constroem conhecimento sobre a sua pr\u00f3pria realidade com o objetivo de compreender os significados do conjunto de suas atividades educativas e alcan\u00e7ar maior relev\u00e2ncia social.&nbsp;<\/p>\n\n\n\n<p>A avalia\u00e7\u00e3o interna \u00e9 coordenada pela Comiss\u00e3o Pr\u00f3pria de Avalia\u00e7\u00e3o (CPA) e orientada pelas diretrizes e pelo roteiro da autoavalia\u00e7\u00e3o institucional da Comiss\u00e3o Nacional de Avalia\u00e7\u00e3o da Educa\u00e7\u00e3o Superior (Conaes). A <strong>CPA<\/strong> deve ser constitu\u00edda no \u00e2mbito de cada institui\u00e7\u00e3o de educa\u00e7\u00e3o superior, tendo como atribui\u00e7\u00e3o a coordena\u00e7\u00e3o dos processos internos de avalia\u00e7\u00e3o da institui\u00e7\u00e3o, de sistematiza\u00e7\u00e3o e de presta\u00e7\u00e3o das informa\u00e7\u00f5es solicitadas pelo INEP.<\/p>\n\n\n\n<div class=\"wp-block-stackable-spacer stk-block-spacer stk--no-padding stk-block stk-4279e81\" data-block-id=\"4279e81\"><style>.stk-4279e81{height:80px !important}<\/style><\/div>\n\n\n\n<div class=\"wp-block-stackable-columns alignfull stk-block-columns stk-block stk-80ce3af stk-block-background stk--has-background-overlay\" data-block-id=\"80ce3af\"><style>.stk-80ce3af{background-color:linear-gradient(180deg,#ffffff 50%,var(--theme-palette-color-4,#102136) 50%) !important;margin-bottom:0px !important}.stk-80ce3af:before{background-image:linear-gradient(180deg,#ffffff 50%,var(--theme-palette-color-4,#102136) 50%) !important}<\/style><div class=\"stk-row stk-inner-blocks stk-block-content stk-content-align stk-80ce3af-column\">\n<div class=\"wp-block-stackable-column stk-block-column stk-column stk-block stk-6ddbaf2 stk-block-background stk--has-background-overlay\" data-v=\"4\" data-block-id=\"6ddbaf2\"><style>.stk-6ddbaf2-container{margin-top:0px !important;margin-right:0px !important;margin-bottom:0px !important;margin-left:0px !important}.stk-6ddbaf2{background-color:linear-gradient(to top,#09203f 0%,#537895 100%) !important;background-image:url(http:\/\/cpa.uea.edu.br\/wp-content\/uploads\/2024\/05\/WhatsApp-Image-2024-05-22-at-09.50.11.jpeg) !important;border-top-left-radius:10px !important;border-top-right-radius:10px !important;border-bottom-right-radius:10px !important;border-bottom-left-radius:10px !important;overflow:hidden !important;padding-top:100px !important;padding-right:300px !important;padding-bottom:100px !important;padding-left:300px !important}.stk-6ddbaf2:before{opacity:0.5 !important;background-image:linear-gradient(to top,#09203f 0%,#537895 100%) !important}@media screen and (max-width:999px){.stk-6ddbaf2{padding-top:80px !important;padding-right:150px !important;padding-bottom:80px !important;padding-left:150px !important}}@media screen and (max-width:689px){.stk-6ddbaf2{padding-top:60px !important;padding-right:50px !important;padding-bottom:60px !important;padding-left:50px !important}}<\/style><div class=\"stk-column-wrapper stk-block-column__content stk-container stk-6ddbaf2-container stk--no-background stk--no-padding\"><div class=\"has-text-align-center stk-block-content stk-inner-blocks stk-6ddbaf2-inner-blocks\">\n<div class=\"wp-block-stackable-heading stk-block-heading stk-block-heading--v2 stk-block stk-8054442\" id=\"acompanhe-os-trabalhos-da-cpa-uea\" data-block-id=\"8054442\"><style>.stk-8054442{margin-bottom:10px !important}.stk-8054442 .stk-block-heading__text{color:var(--theme-palette-color-8,#ffffff) !important;font-weight:800 !important}@media screen and (max-width:689px){.stk-8054442 .stk-block-heading__text{font-size:25px !important}}<\/style><h2 class=\"stk-block-heading__text has-text-color stk-block-heading--use-theme-margins\">Acompanhe os trabalhos da CPA\/UEA<\/h2><\/div>\n\n\n\n<ul class=\"wp-block-social-links aligncenter is-content-justification-center is-layout-flex wp-container-core-social-links-is-layout-a89b3969 wp-block-social-links-is-layout-flex\"><\/ul>\n<\/div><\/div><\/div>\n<\/div><\/div>\n","protected":false},"excerpt":{"rendered":"<p>O que \u00e9 Comiss\u00e3o Pr\u00f3pria de Avalia\u00e7\u00e3o Prevista pelo Sistema Nacional de Avalia\u00e7\u00e3o da Educa\u00e7\u00e3o Superior (SINAES), a avalia\u00e7\u00e3o institucional tem \u201cpor objetivo identificar o perfil da institui\u00e7\u00e3o e o significado de sua atua\u00e7\u00e3o, por meio de suas atividades, cursos, programas, projetos e setores\u201d (Lei n\u00b0 10.861, de 14 de abril de 2004). A avalia\u00e7\u00e3o [&hellip;]<\/p>\n","protected":false},"author":1,"featured_media":0,"parent":0,"menu_order":0,"comment_status":"closed","ping_status":"closed","template":"","meta":{"footnotes":""},"class_list":["post-607","page","type-page","status-publish","hentry"],"blocksy_meta":{"page_title_panel":"","has_hero_section":"disabled","fe1c64ab89945cda534f4bb2d579ae1a":"","hero_section":"type-1","hero_elements":[{"id":"custom_title","enabled":true,"heading_tag":"h1","title":"Home"},{"id":"custom_description","enabled":true,"description_visibility":{"desktop":true,"tablet":true,"mobile":false}},{"id":"custom_meta","enabled":false,"meta_elements":[{"id":"author","enabled":true,"label":"By","has_author_avatar":"yes","avatar_size":25},{"id":"post_date","enabled":true,"label":"On","date_format_source":"default","date_format":"M j, Y"},{"id":"updated_date","enabled":false,"label":"On","date_format_source":"default","date_format":"M j, Y"},{"id":"categories","enabled":false,"label":"In","style":"simple"},{"id":"comments","enabled":true}],"page_meta_elements":{"joined":true,"articles_count":true,"comments":true}},{"id":"breadcrumbs","enabled":false}],"433b02732bec8d55ec282f00a9a700eb":"","hero_alignment1":"CT_CSS_SKIP_RULE","hero_margin":40,"hero_alignment2":"center","hero_vertical_alignment":"center","fdbb34d69d6afe2394c07d96c9ea0b60":"","hero_structure":"narrow","cb306aece5e91b9a44875e4a81075440":"","page_title_bg_type":"featured_image","custom_hero_background":{"attachment_id":null},"page_title_image_size":"full","parallax":{"desktop":false,"tablet":false,"mobile":false},"034bc954f3c533bc75ffdf62670c8395":"","hero_height":"250px","pageTitleFont":{"family":"Default","variation":"Default","size":"30px","line-height":"CT_CSS_SKIP_RULE","letter-spacing":"CT_CSS_SKIP_RULE","text-transform":"CT_CSS_SKIP_RULE","text-decoration":"CT_CSS_SKIP_RULE"},"pageTitleFontColor":{"default":{"color":"CT_CSS_SKIP_RULEDEFAULT"}},"pageMetaFont":{"family":"Default","variation":"n6","size":"12px","line-height":"1.3","letter-spacing":"CT_CSS_SKIP_RULE","text-transform":"uppercase","text-decoration":"CT_CSS_SKIP_RULE"},"pageMetaFontColor":{"default":{"color":"CT_CSS_SKIP_RULEDEFAULT"},"hover":{"color":"CT_CSS_SKIP_RULEDEFAULT"}},"page_meta_button_type_font_colors":{"default":{"color":"CT_CSS_SKIP_RULEDEFAULT"},"hover":{"color":"CT_CSS_SKIP_RULEDEFAULT"}},"page_meta_button_type_background_colors":{"default":{"color":"CT_CSS_SKIP_RULEDEFAULT"},"hover":{"color":"CT_CSS_SKIP_RULEDEFAULT"}},"pageExcerptFont":{"family":"Default","variation":"Default","size":"CT_CSS_SKIP_RULE","line-height":"CT_CSS_SKIP_RULE","letter-spacing":"CT_CSS_SKIP_RULE","text-transform":"CT_CSS_SKIP_RULE","text-decoration":"CT_CSS_SKIP_RULE"},"pageExcerptColor":{"default":{"color":"CT_CSS_SKIP_RULEDEFAULT"}},"breadcrumbsFont":{"family":"Default","variation":"Default","size":"CT_CSS_SKIP_RULE","line-height":"CT_CSS_SKIP_RULE","letter-spacing":"CT_CSS_SKIP_RULE","text-transform":"CT_CSS_SKIP_RULE","text-decoration":"CT_CSS_SKIP_RULE"},"breadcrumbsFontColor":{"default":{"color":"CT_CSS_SKIP_RULEDEFAULT"},"initial":{"color":"CT_CSS_SKIP_RULEDEFAULT"},"hover":{"color":"CT_CSS_SKIP_RULEDEFAULT"}},"pageTitleOverlay":{"background_type":"color","background_pattern":"type-1","background_image":{"attachment_id":null,"x":0,"y":0},"gradient":"linear-gradient(135deg,rgba(6,147,227,1) 0%,rgb(155,81,224) 100%)","background_repeat":"repeat","background_size":"auto","background_attachment":"scroll","patternColor":{"default":{"color":"#e5e7ea"}},"overlayColor":{"default":{"color":"CT_CSS_SKIP_RULE"}},"backgroundColor":{"default":{"color":"CT_CSS_SKIP_RULE"}}},"pageTitleBackground":{"background_type":"color","background_pattern":"type-1","background_image":{"attachment_id":null,"x":0,"y":0},"gradient":"linear-gradient(135deg,rgba(6,147,227,1) 0%,rgb(155,81,224) 100%)","background_repeat":"repeat","background_size":"auto","background_attachment":"scroll","patternColor":{"default":{"color":"#e5e7ea"}},"overlayColor":{"default":{"color":"CT_CSS_SKIP_RULE"}},"backgroundColor":{"default":{"color":"var(--theme-palette-color-6)"}}},"pageTitlePadding":{"top":"50px","bottom":"50px","left":"auto","right":"auto","linked":true},"12e455f30de1d15aed0effbbb6f951bf":"","page_structure_type":"default","f474d2f3ad69b4e64f52dac0a3aa2bb2":"","content_style_source":"inherit","content_style":"wide","vertical_spacing_source":"custom","content_area_spacing":"none","background":{"background_type":"color","background_pattern":"type-1","background_image":{"attachment_id":null,"x":0,"y":0},"gradient":"linear-gradient(135deg,rgba(6,147,227,1) 0%,rgb(155,81,224) 100%)","background_repeat":"repeat","background_size":"auto","background_attachment":"scroll","patternColor":{"default":{"color":"#e5e7ea"}},"overlayColor":{"default":{"color":"CT_CSS_SKIP_RULE"}},"backgroundColor":{"default":{"color":"CT_CSS_SKIP_RULE"}}},"content_background":{"background_type":"color","background_pattern":"type-1","background_image":{"attachment_id":null,"x":0,"y":0},"gradient":"linear-gradient(135deg,rgba(6,147,227,1) 0%,rgb(155,81,224) 100%)","background_repeat":"repeat","background_size":"auto","background_attachment":"scroll","patternColor":{"default":{"color":"#e5e7ea"}},"overlayColor":{"default":{"color":"CT_CSS_SKIP_RULE"}},"backgroundColor":{"default":{"color":"var(--theme-palette-color-8)"}}},"content_boxed_shadow":{"inherit":false,"blur":18,"spread":-6,"v_offset":12,"h_offset":0,"inset":false,"enable":true,"color":{"color":"rgba(34, 56, 101, 0.04)"}},"content_boxed_border":{"width":1,"style":"none","color":{"color":"rgba(44,62,80,0.2)"}},"content_boxed_radius":{"top":"3px","bottom":"3px","left":"3px","right":"3px","linked":true},"boxed_content_spacing":{"desktop":{"top":"40px","bottom":"40px","left":"40px","right":"40px","linked":true},"tablet":{"top":"35px","bottom":"35px","left":"35px","right":"35px","linked":true},"mobile":{"top":"20px","bottom":"20px","left":"20px","right":"20px","linked":true}},"fca9f1d1c7aa58a4b21dd78357f6373e":"","disable_featured_image":"no","disable_share_box":"no","disable_header":"no","disable_footer":"no","styles_descriptor":{"styles":{"desktop":"","tablet":"","mobile":""},"google_fonts":[],"version":6}},"aioseo_notices":[],"_links":{"self":[{"href":"http:\/\/cpa.uea.edu.br\/index.php\/wp-json\/wp\/v2\/pages\/607","targetHints":{"allow":["GET"]}}],"collection":[{"href":"http:\/\/cpa.uea.edu.br\/index.php\/wp-json\/wp\/v2\/pages"}],"about":[{"href":"http:\/\/cpa.uea.edu.br\/index.php\/wp-json\/wp\/v2\/types\/page"}],"author":[{"embeddable":true,"href":"http:\/\/cpa.uea.edu.br\/index.php\/wp-json\/wp\/v2\/users\/1"}],"replies":[{"embeddable":true,"href":"http:\/\/cpa.uea.edu.br\/index.php\/wp-json\/wp\/v2\/comments?post=607"}],"version-history":[{"count":17,"href":"http:\/\/cpa.uea.edu.br\/index.php\/wp-json\/wp\/v2\/pages\/607\/revisions"}],"predecessor-version":[{"id":1918,"href":"http:\/\/cpa.uea.edu.br\/index.php\/wp-json\/wp\/v2\/pages\/607\/revisions\/1918"}],"wp:attachment":[{"href":"http:\/\/cpa.uea.edu.br\/index.php\/wp-json\/wp\/v2\/media?parent=607"}],"curies":[{"name":"wp","href":"https:\/\/api.w.org\/{rel}","templated":true}]}}