{"id":1429,"date":"2024-05-28T10:34:56","date_gmt":"2024-05-28T13:34:56","guid":{"rendered":"http:\/\/cpa.uea.edu.br\/?page_id=1429"},"modified":"2025-04-22T11:32:07","modified_gmt":"2025-04-22T14:32:07","slug":"atas","status":"publish","type":"page","link":"http:\/\/cpa.uea.edu.br\/index.php\/atas\/","title":{"rendered":"Atas"},"content":{"rendered":"\n<div class=\"wp-block-stackable-columns alignfull stk-block-columns stk-block stk-51b2b12 stk-block-background stk--has-background-overlay\" data-block-id=\"51b2b12\"><style>.stk-51b2b12 .stk--block-align-51b2b12{align-items:center !important}.stk-51b2b12{background-color:linear-gradient(180deg,#868f96 0%,#596164 100%) !important;background-image:url(http:\/\/cpa.uea.edu.br\/wp-content\/uploads\/2024\/05\/scott-graham-OQMZwNd3ThU-unsplash-1-scaled.jpg) !important;padding-top:300px !important;padding-bottom:200px !important;margin-bottom:0px !important}.stk-51b2b12:before{opacity:0.5 !important;background-image:linear-gradient(180deg,#868f96 0%,#596164 100%) !important}.stk-51b2b12-column{--stk-column-gap:35px !important;row-gap:35px !important}@media screen and (max-width:999px){.stk-51b2b12{padding-top:250px !important;padding-bottom:150px !important}}@media screen and (max-width:689px){.stk-51b2b12{padding-top:150px !important;padding-bottom:100px !important}}<\/style><div class=\"stk-row stk-inner-blocks stk--block-align-51b2b12 stk-block-content stk-content-align stk-51b2b12-column\">\n<div class=\"wp-block-stackable-column stk-block-column stk-column stk-block stk-3a43e6b\" data-v=\"4\" data-block-id=\"3a43e6b\"><style>.stk-3a43e6b-container{margin-top:0px !important;margin-right:0px !important;margin-bottom:0px !important;margin-left:0px !important}<\/style><div class=\"stk-column-wrapper stk-block-column__content stk-container stk-3a43e6b-container stk--no-background stk--no-padding\"><div class=\"has-text-align-center-mobile stk-block-content stk-inner-blocks stk-3a43e6b-inner-blocks\">\n<div class=\"wp-block-stackable-heading stk-block-heading stk-block-heading--v2 stk-block stk-7225c59\" id=\"atas\" data-block-id=\"7225c59\"><style>.stk-7225c59{margin-bottom:10px !important}.stk-7225c59 .stk-block-heading__text{font-size:45px !important;color:var(--theme-palette-color-8,#ffffff) !important;line-height:1.3em !important;font-weight:800 !important}@media screen and (max-width:999px){.stk-7225c59 .stk-block-heading__text{font-size:40px !important}}@media screen and (max-width:689px){.stk-7225c59 .stk-block-heading__text{font-size:30px !important}}<\/style><h2 class=\"stk-block-heading__text has-text-color has-text-align-center\">Atas<\/h2><\/div>\n<\/div><\/div><\/div>\n<\/div><\/div>\n\n\n\n<div class=\"wp-block-stackable-spacer stk-block-spacer stk--no-padding stk-block stk-8b0b25e\" data-block-id=\"8b0b25e\"><style>.stk-8b0b25e{height:24px !important}@media screen and (max-width:999px){.stk-8b0b25e{height:70px !important}}<\/style><\/div>\n\n\n\n<div class=\"wp-block-stackable-columns stk-block-columns stk-block stk-0c1f8f0\" data-block-id=\"0c1f8f0\"><style>.stk-0c1f8f0{padding-top:0px !important;padding-right:0px !important;padding-bottom:0px !important;padding-left:0px !important}<\/style><div class=\"stk-row stk-inner-blocks stk-block-content stk-content-align stk-0c1f8f0-column\">\n<div class=\"wp-block-stackable-column stk-block-column stk-column stk-block stk-5105afc\" data-v=\"4\" data-block-id=\"5105afc\"><style>.stk-5105afc{padding-top:0px !important;padding-right:0px !important;padding-bottom:0px !important;padding-left:0px !important}.stk-5105afc-container{padding-top:0px !important;padding-right:0px !important;padding-bottom:0px !important;padding-left:0px !important}<\/style><div class=\"stk-column-wrapper stk-block-column__content stk-container stk-5105afc-container stk--no-background stk--no-padding\"><div class=\"stk-block-content stk-inner-blocks stk-5105afc-inner-blocks\">\n<div class=\"wp-block-stackable-columns stk-block-columns stk-block stk-a2540b5\" data-block-id=\"a2540b5\"><div class=\"stk-row stk-inner-blocks stk-block-content stk-content-align stk-a2540b5-column\">\n<div class=\"wp-block-stackable-column stk-block-column stk-column stk-block stk-27e30e0\" data-v=\"4\" data-block-id=\"27e30e0\"><style>.stk-27e30e0{padding-top:0px !important;padding-right:0px !important;padding-bottom:0px !important;padding-left:0px !important}.stk-27e30e0-container{padding-top:0px !important;padding-right:0px !important;padding-bottom:0px !important;padding-left:0px !important}<\/style><div class=\"stk-column-wrapper stk-block-column__content stk-container stk-27e30e0-container stk--no-background stk--no-padding\"><div class=\"stk-block-content stk-inner-blocks stk-27e30e0-inner-blocks\">\n<div class=\"wp-block-stackable-heading stk-block-heading stk-block-heading--v2 stk-block stk-f5e662a\" id=\"atas-de-reuniao\" data-block-id=\"f5e662a\"><style>.stk-f5e662a{border-top-left-radius:5px !important;border-top-right-radius:5px !important;overflow:hidden !important;box-shadow:0px 2px 20px #99999933 !important;min-height:50px !important;align-items:center !important;margin-bottom:0px !important;display:flex !important}<\/style><h4 class=\"stk-block-heading__text has-text-align-center\">Atas de Reuni\u00e3o<\/h4><\/div>\n\n\n\n<div class=\"wp-block-stackable-icon-list stk-block-icon-list stk-block stk-9e33ce6 stk-block-background\" data-block-id=\"9e33ce6\"><style>.stk-9e33ce6{border-bottom-right-radius:5px !important;border-bottom-left-radius:5px !important;overflow:hidden !important;min-height:312px !important;--stk-icon-height:10px !important}@media screen and (max-width:689px){.stk-9e33ce6 ul li,.stk-9e33ce6 ol li{font-size:12px !important}}<\/style><svg style=\"display:none\"><defs><g id=\"stk-icon-list__icon-svg-def-9e33ce6\"><svg xmlns=\"http:\/\/www.w3.org\/2000\/svg\" viewBox=\"0 0 512 512\"><path d=\"M480 480H32c-17.7 0-32-14.3-32-32s14.3-32 32-32h448c17.7 0 32 14.3 32 32s-14.3 32-32 32z\"\/><\/svg><\/g><\/defs><\/svg><ul class=\"stk-block-icon-list__ul stk-block-icon-list--column\">\n<li class=\"wp-block-stackable-icon-list-item stk-block-icon-list-item stk-block stk-d9c5dc9\" data-block-id=\"d9c5dc9\"><div class=\"stk-block-icon-list-item__content\"><span class=\"stk--svg-wrapper\"><div class=\"stk--inner-svg\"><svg aria-hidden=\"true\" width=\"32\" height=\"32\"><use xlink:href=\"#stk-icon-list__icon-svg-def-9e33ce6\"><\/use><\/svg><\/div><\/span><span class=\"stk-block-icon-list-item__text\"><a href=\"http:\/\/cpa.uea.edu.br\/wp-content\/uploads\/2024\/10\/ATA-2022.pdf\">1\u00aa Reuni\u00e3o Ordin\u00e1ria \u2013 Ata da Reuni\u00e3o (13\/12\/2022) \u2013 2022<\/a><\/span><\/div><\/li>\n\n\n\n<li class=\"wp-block-stackable-icon-list-item stk-block-icon-list-item stk-block stk-7671f0b\" data-block-id=\"7671f0b\"><div class=\"stk-block-icon-list-item__content\"><span class=\"stk--svg-wrapper\"><div class=\"stk--inner-svg\"><svg aria-hidden=\"true\" width=\"32\" height=\"32\"><use xlink:href=\"#stk-icon-list__icon-svg-def-9e33ce6\"><\/use><\/svg><\/div><\/span><span class=\"stk-block-icon-list-item__text\"><a href=\"http:\/\/cpa.uea.edu.br\/wp-content\/uploads\/2024\/10\/ATA-N.001-28.03.2023.pdf\">1\u00aa Reuni\u00e3o &#8211; Ata da Reuni\u00e3o (28\/03\/2023) &#8211; 2023<\/a><\/span><\/div><\/li>\n\n\n\n<li class=\"wp-block-stackable-icon-list-item stk-block-icon-list-item stk-block stk-cc41b6f\" data-block-id=\"cc41b6f\"><div class=\"stk-block-icon-list-item__content\"><span class=\"stk--svg-wrapper\"><div class=\"stk--inner-svg\"><svg aria-hidden=\"true\" width=\"32\" height=\"32\"><use xlink:href=\"#stk-icon-list__icon-svg-def-9e33ce6\"><\/use><\/svg><\/div><\/span><span class=\"stk-block-icon-list-item__text\"><a href=\"http:\/\/cpa.uea.edu.br\/wp-content\/uploads\/2024\/10\/ATA-N.002-19.07.2023.pdf\">2\u00aa Reuni\u00e3o &#8211; Ata da Reuni\u00e3o (19\/07\/2023) &#8211; 2023<\/a><\/span><\/div><\/li>\n\n\n\n<li class=\"wp-block-stackable-icon-list-item stk-block-icon-list-item stk-block stk-1b8cffc\" data-block-id=\"1b8cffc\"><div class=\"stk-block-icon-list-item__content\"><span class=\"stk--svg-wrapper\"><div class=\"stk--inner-svg\"><svg aria-hidden=\"true\" width=\"32\" height=\"32\"><use xlink:href=\"#stk-icon-list__icon-svg-def-9e33ce6\"><\/use><\/svg><\/div><\/span><span class=\"stk-block-icon-list-item__text\"><a href=\"http:\/\/cpa.uea.edu.br\/wp-content\/uploads\/2024\/10\/ATA-N.003-30.07.2023.pdf\">3\u00aa Reuni\u00e3o &#8211; Ata da Reuni\u00e3o (30\/07\/2023) &#8211; 2023<\/a><\/span><\/div><\/li>\n\n\n\n<li class=\"wp-block-stackable-icon-list-item stk-block-icon-list-item stk-block stk-c4a3fa6\" data-block-id=\"c4a3fa6\"><div class=\"stk-block-icon-list-item__content\"><span class=\"stk--svg-wrapper\"><div class=\"stk--inner-svg\"><svg aria-hidden=\"true\" width=\"32\" height=\"32\"><use xlink:href=\"#stk-icon-list__icon-svg-def-9e33ce6\"><\/use><\/svg><\/div><\/span><span class=\"stk-block-icon-list-item__text\"><a href=\"http:\/\/cpa.uea.edu.br\/wp-content\/uploads\/2024\/10\/ATA-N.004-10.10.2023.pdf\">4\u00aa Reuni\u00e3o Extraordin\u00e1ria &#8211; Ata da Reuni\u00e3o (10\/10\/2023) &#8211; 2023<\/a><\/span><\/div><\/li>\n\n\n\n<li class=\"wp-block-stackable-icon-list-item stk-block-icon-list-item stk-block stk-aeb9f77\" data-block-id=\"aeb9f77\"><div class=\"stk-block-icon-list-item__content\"><span class=\"stk--svg-wrapper\"><div class=\"stk--inner-svg\"><svg aria-hidden=\"true\" width=\"32\" height=\"32\"><use xlink:href=\"#stk-icon-list__icon-svg-def-9e33ce6\"><\/use><\/svg><\/div><\/span><span class=\"stk-block-icon-list-item__text\"><a href=\"http:\/\/cpa.uea.edu.br\/wp-content\/uploads\/2024\/10\/ATA-N.005-01.11.2023.pdf\">5\u00aa Reuni\u00e3o Ordin\u00e1ria &#8211; Ata da Reuni\u00e3o (01\/11\/2023) &#8211; 2023<\/a><\/span><\/div><\/li>\n\n\n\n<li class=\"wp-block-stackable-icon-list-item stk-block-icon-list-item stk-block stk-cab2feb\" data-block-id=\"cab2feb\"><div class=\"stk-block-icon-list-item__content\"><span class=\"stk--svg-wrapper\"><div class=\"stk--inner-svg\"><svg aria-hidden=\"true\" width=\"32\" height=\"32\"><use xlink:href=\"#stk-icon-list__icon-svg-def-9e33ce6\"><\/use><\/svg><\/div><\/span><span class=\"stk-block-icon-list-item__text\"><a href=\"http:\/\/cpa.uea.edu.br\/wp-content\/uploads\/2024\/10\/ATA-N.007-30.11.2023.pdf\">1\u00aa Reuni\u00e3o Extraordin\u00e1ria &#8211; Ata da Reuni\u00e3o (30\/11\/2023) &#8211; 2023<\/a><\/span><\/div><\/li>\n\n\n\n<li class=\"wp-block-stackable-icon-list-item stk-block-icon-list-item stk-block stk-0e3e988\" data-block-id=\"0e3e988\"><div class=\"stk-block-icon-list-item__content\"><span class=\"stk--svg-wrapper\"><div class=\"stk--inner-svg\"><svg aria-hidden=\"true\" width=\"32\" height=\"32\"><use xlink:href=\"#stk-icon-list__icon-svg-def-9e33ce6\"><\/use><\/svg><\/div><\/span><span class=\"stk-block-icon-list-item__text\"><a href=\"http:\/\/cpa.uea.edu.br\/wp-content\/uploads\/2024\/06\/Ata_Reuniao_05_04_2024.pdf\">2\u00aa Reuni\u00e3o Ordin\u00e1ria &#8211; Ata da Reuni\u00e3o (05\/04\/2024) &#8211; 2024<\/a><\/span><\/div><\/li>\n\n\n\n<li class=\"wp-block-stackable-icon-list-item stk-block-icon-list-item stk-block stk-8593e7b\" data-block-id=\"8593e7b\"><div class=\"stk-block-icon-list-item__content\"><span class=\"stk--svg-wrapper\"><div class=\"stk--inner-svg\"><svg aria-hidden=\"true\" width=\"32\" height=\"32\"><use xlink:href=\"#stk-icon-list__icon-svg-def-9e33ce6\"><\/use><\/svg><\/div><\/span><span class=\"stk-block-icon-list-item__text\"><a href=\"http:\/\/cpa.uea.edu.br\/wp-content\/uploads\/2024\/07\/UEA_2024_CPA-UEA-Ata-de-4a-Reuniao-16072024.pdf\">4\u00aa Reuni\u00e3o Ordin\u00e1ria &#8211; Ata da Reuni\u00e3o (16\/07\/2024) &#8211; 2024<\/a><\/span><\/div><\/li>\n\n\n\n<li class=\"wp-block-stackable-icon-list-item stk-block-icon-list-item stk-block stk-a37e912\" data-block-id=\"a37e912\"><div class=\"stk-block-icon-list-item__content\"><span class=\"stk--svg-wrapper\"><div class=\"stk--inner-svg\"><svg aria-hidden=\"true\" width=\"32\" height=\"32\"><use xlink:href=\"#stk-icon-list__icon-svg-def-9e33ce6\"><\/use><\/svg><\/div><\/span><span class=\"stk-block-icon-list-item__text\"><a href=\"http:\/\/cpa.uea.edu.br\/wp-content\/uploads\/2025\/01\/ata_reuniao.pdf\" title=\"\">5\u00aa Reuni\u00e3o Ordin\u00e1ria &#8211; Ata da Reuni\u00e3o (31\/10\/2024) &#8211; 2024<\/a><\/span><\/div><\/li>\n\n\n\n<li class=\"wp-block-stackable-icon-list-item stk-block-icon-list-item stk-block stk-2cad99a\" data-block-id=\"2cad99a\"><div class=\"stk-block-icon-list-item__content\"><span class=\"stk--svg-wrapper\"><div class=\"stk--inner-svg\"><svg aria-hidden=\"true\" width=\"32\" height=\"32\"><use xlink:href=\"#stk-icon-list__icon-svg-def-9e33ce6\"><\/use><\/svg><\/div><\/span><span class=\"stk-block-icon-list-item__text\"><a href=\"http:\/\/cpa.uea.edu.br\/wp-content\/uploads\/2025\/04\/1a_Reuniao_Ordinaria_-_Ata_de_Reuniao_10-04-2025.pdf\" target=\"_blank\" rel=\"noopener\" title=\"\">1\u00aa Reuni\u00e3o Ordin\u00e1ria &#8211; Ata da Reuni\u00e3o (10\/04\/2025) &#8211; 2025<\/a><\/span><\/div><\/li>\n<\/ul><\/div>\n<\/div><\/div><\/div>\n\n\n\n<div class=\"wp-block-stackable-column stk-block-column stk-column stk-block stk-f0bd48a\" data-v=\"4\" data-block-id=\"f0bd48a\"><div class=\"stk-column-wrapper stk-block-column__content stk-container stk-f0bd48a-container stk--no-background stk--no-padding\"><div class=\"stk-block-content stk-inner-blocks stk-f0bd48a-inner-blocks\">\n<div class=\"wp-block-stackable-heading stk-block-heading stk-block-heading--v2 stk-block stk-fe6c07c\" id=\"atas-de-reuniao-das-subcomissoes-de-avaliacao\" data-block-id=\"fe6c07c\"><style>.stk-fe6c07c{border-top-left-radius:5px !important;border-top-right-radius:5px !important;overflow:hidden !important;box-shadow:0px 2px 20px #99999933 !important;min-height:50px !important;align-items:center !important;margin-bottom:0px !important;display:flex !important}<\/style><h4 class=\"stk-block-heading__text has-text-align-center\">Atas de Reuni\u00e3o das Subcomiss\u00f5es de Avalia\u00e7\u00e3o<\/h4><\/div>\n\n\n\n<div class=\"wp-block-stackable-icon-list stk-block-icon-list stk-block stk-2db01ed stk-block-background\" data-block-id=\"2db01ed\"><style>.stk-2db01ed{border-bottom-right-radius:5px !important;border-bottom-left-radius:5px !important;overflow:hidden !important;min-height:312px !important;--stk-icon-height:10px !important}@media screen and (max-width:689px){.stk-2db01ed ul li,.stk-2db01ed ol li{font-size:12px !important}}<\/style><svg style=\"display:none\"><defs><g id=\"stk-icon-list__icon-svg-def-2db01ed\"><svg xmlns=\"http:\/\/www.w3.org\/2000\/svg\" viewBox=\"0 0 512 512\"><path d=\"M480 480H32c-17.7 0-32-14.3-32-32s14.3-32 32-32h448c17.7 0 32 14.3 32 32s-14.3 32-32 32z\"\/><\/svg><\/g><\/defs><\/svg><ul class=\"stk-block-icon-list__ul stk-block-icon-list--column\">\n<li class=\"wp-block-stackable-icon-list-item stk-block-icon-list-item stk-block stk-4bbf479\" data-block-id=\"4bbf479\"><div class=\"stk-block-icon-list-item__content\"><span class=\"stk--svg-wrapper\"><div class=\"stk--inner-svg\"><svg aria-hidden=\"true\" width=\"32\" height=\"32\"><use xlink:href=\"#stk-icon-list__icon-svg-def-2db01ed\"><\/use><\/svg><\/div><\/span><span class=\"stk-block-icon-list-item__text\"><a href=\"http:\/\/cpa.uea.edu.br\/wp-content\/uploads\/2024\/10\/CPA-CT_2024-Modelo-de-Ata-das-Subcomissoes.docx\" title=\"\">Modelo de Ata de reuni\u00e3o das Subcomiss\u00f5es Pr\u00f3prias de&nbsp;Avalia\u00e7\u00e3o<\/a><\/span><\/div><\/li>\n\n\n\n<li class=\"wp-block-stackable-icon-list-item stk-block-icon-list-item stk-block stk-40a6a6c\" data-block-id=\"40a6a6c\"><div class=\"stk-block-icon-list-item__content\"><span class=\"stk--svg-wrapper\"><div class=\"stk--inner-svg\"><svg aria-hidden=\"true\" width=\"32\" height=\"32\"><use xlink:href=\"#stk-icon-list__icon-svg-def-2db01ed\"><\/use><\/svg><\/div><\/span><span class=\"stk-block-icon-list-item__text\"><a href=\"http:\/\/cpa.uea.edu.br\/wp-content\/uploads\/2024\/06\/UEA_2024_CPA-UEA_Subcomissao-ENS-Ata-da-1a-reuniao.pdf\">1\u00aa Reuni\u00e3o de Subcomiss\u00e3o\/ENS &#8211; Ata da Reuni\u00e3o (07\/05\/2024) &#8211; 2024<\/a><\/span><\/div><\/li>\n\n\n\n<li class=\"wp-block-stackable-icon-list-item stk-block-icon-list-item stk-block stk-2120522\" data-block-id=\"2120522\"><div class=\"stk-block-icon-list-item__content\"><span class=\"stk--svg-wrapper\"><div class=\"stk--inner-svg\"><svg aria-hidden=\"true\" width=\"32\" height=\"32\"><use xlink:href=\"#stk-icon-list__icon-svg-def-2db01ed\"><\/use><\/svg><\/div><\/span><span class=\"stk-block-icon-list-item__text\"><a href=\"http:\/\/cpa.uea.edu.br\/wp-content\/uploads\/2024\/11\/ATA-REUNIA\u0303O-CPA_ENS_NDE-23_OUT_2024-1.pdf\" title=\"\">2\u00aa Reuni\u00e3o de Subcomiss\u00e3o\/ENS<\/a> &#8211; Ata da Reuni\u00e3o (23\/10\/2024) &#8211; 2024<\/span><\/div><\/li>\n<\/ul><\/div>\n<\/div><\/div><\/div>\n<\/div><\/div>\n<\/div><\/div><\/div>\n<\/div><\/div>\n\n\n\n<div class=\"wp-block-stackable-spacer stk-block-spacer stk--no-padding stk-block stk-e50e4d8\" data-block-id=\"e50e4d8\"><style>.stk-e50e4d8{height:130px !important}@media screen and (max-width:999px){.stk-e50e4d8{height:70px !important}}<\/style><\/div>\n\n\n\n<div class=\"wp-block-stackable-columns alignfull stk-block-columns stk-block stk-80ce3af stk-block-background stk--has-background-overlay\" data-block-id=\"80ce3af\"><style>.stk-80ce3af{background-color:linear-gradient(180deg,#ffffff 50%,var(--theme-palette-color-4,#102136) 50%) !important;margin-bottom:0px !important}.stk-80ce3af:before{background-image:linear-gradient(180deg,#ffffff 50%,var(--theme-palette-color-4,#102136) 50%) !important}<\/style><div class=\"stk-row stk-inner-blocks stk-block-content stk-content-align stk-80ce3af-column\">\n<div class=\"wp-block-stackable-column stk-block-column stk-column stk-block stk-6ddbaf2 stk-block-background stk--has-background-overlay\" data-v=\"4\" data-block-id=\"6ddbaf2\"><style>.stk-6ddbaf2-container{margin-top:0px !important;margin-right:0px !important;margin-bottom:0px !important;margin-left:0px !important}.stk-6ddbaf2{background-color:linear-gradient(to top,#09203f 0%,#537895 100%) !important;background-image:url(http:\/\/cpa.uea.edu.br\/wp-content\/uploads\/2023\/10\/Imagem-do-WhatsApp-de-2023-10-10-as-15.34.47_ec5a636a.jpg) !important;border-top-left-radius:10px !important;border-top-right-radius:10px !important;border-bottom-right-radius:10px !important;border-bottom-left-radius:10px !important;overflow:hidden !important;padding-top:100px !important;padding-right:300px !important;padding-bottom:100px !important;padding-left:300px !important}.stk-6ddbaf2:before{opacity:0.5 !important;background-image:linear-gradient(to top,#09203f 0%,#537895 100%) !important}@media screen and (max-width:999px){.stk-6ddbaf2{padding-top:80px !important;padding-right:150px !important;padding-bottom:80px !important;padding-left:150px !important}}@media screen and (max-width:689px){.stk-6ddbaf2{padding-top:60px !important;padding-right:50px !important;padding-bottom:60px !important;padding-left:50px !important}}<\/style><div class=\"stk-column-wrapper stk-block-column__content stk-container stk-6ddbaf2-container stk--no-background stk--no-padding\"><div class=\"has-text-align-center stk-block-content stk-inner-blocks stk-6ddbaf2-inner-blocks\">\n<div class=\"wp-block-stackable-heading stk-block-heading stk-block-heading--v2 stk-block stk-8054442\" id=\"acompanhe-os-trabalhos-da-cpa-uea\" data-block-id=\"8054442\"><style>.stk-8054442{margin-bottom:10px !important}.stk-8054442 .stk-block-heading__text{color:var(--theme-palette-color-8,#ffffff) !important;font-weight:800 !important}@media screen and (max-width:689px){.stk-8054442 .stk-block-heading__text{font-size:25px !important}}<\/style><h2 class=\"stk-block-heading__text has-text-color stk-block-heading--use-theme-margins\">Acompanhe os trabalhos da CPA\/UEA<\/h2><\/div>\n\n\n\n<div class=\"wp-block-stackable-text stk-block-text stk-block stk-7e574b6\" data-block-id=\"7e574b6\"><style>.stk-7e574b6{margin-bottom:40px !important}.stk-7e574b6 .stk-block-text__text{color:var(--theme-palette-color-8,#ffffff) !important}<\/style><p class=\"stk-block-text__text has-text-color\"><\/p><\/div>\n<\/div><\/div><\/div>\n<\/div><\/div>\n","protected":false},"excerpt":{"rendered":"<p>Atas Atas de Reuni\u00e3o Atas de Reuni\u00e3o das Subcomiss\u00f5es de Avalia\u00e7\u00e3o Acompanhe os trabalhos da CPA\/UEA<\/p>\n","protected":false},"author":1,"featured_media":0,"parent":0,"menu_order":0,"comment_status":"closed","ping_status":"closed","template":"","meta":{"footnotes":""},"class_list":["post-1429","page","type-page","status-publish","hentry"],"blocksy_meta":{"page_title_panel":"","has_hero_section":"disabled","fe1c64ab89945cda534f4bb2d579ae1a":"","hero_section":"type-1","hero_elements":[{"id":"custom_title","enabled":true,"heading_tag":"h1","title":"Home"},{"id":"custom_description","enabled":true,"description_visibility":{"desktop":true,"tablet":true,"mobile":false}},{"id":"custom_meta","enabled":false,"meta_elements":[{"id":"author","enabled":true,"label":"By","has_author_avatar":"yes","avatar_size":25},{"id":"post_date","enabled":true,"label":"On","date_format_source":"default","date_format":"M j, Y"},{"id":"updated_date","enabled":false,"label":"On","date_format_source":"default","date_format":"M j, Y"},{"id":"categories","enabled":false,"label":"In","style":"simple"},{"id":"comments","enabled":true}],"page_meta_elements":{"joined":true,"articles_count":true,"comments":true}},{"id":"breadcrumbs","enabled":false}],"433b02732bec8d55ec282f00a9a700eb":"","hero_alignment1":"CT_CSS_SKIP_RULE","hero_margin":40,"hero_alignment2":"center","hero_vertical_alignment":"center","fdbb34d69d6afe2394c07d96c9ea0b60":"","hero_structure":"narrow","cb306aece5e91b9a44875e4a81075440":"","page_title_bg_type":"featured_image","custom_hero_background":{"attachment_id":null},"page_title_image_size":"full","parallax":{"desktop":false,"tablet":false,"mobile":false},"034bc954f3c533bc75ffdf62670c8395":"","hero_height":"250px","pageTitleFont":{"family":"Default","variation":"Default","size":"30px","line-height":"CT_CSS_SKIP_RULE","letter-spacing":"CT_CSS_SKIP_RULE","text-transform":"CT_CSS_SKIP_RULE","text-decoration":"CT_CSS_SKIP_RULE"},"pageTitleFontColor":{"default":{"color":"CT_CSS_SKIP_RULEDEFAULT"}},"pageMetaFont":{"family":"Default","variation":"n6","size":"12px","line-height":"1.3","letter-spacing":"CT_CSS_SKIP_RULE","text-transform":"uppercase","text-decoration":"CT_CSS_SKIP_RULE"},"pageMetaFontColor":{"default":{"color":"CT_CSS_SKIP_RULEDEFAULT"},"hover":{"color":"CT_CSS_SKIP_RULEDEFAULT"}},"page_meta_button_type_font_colors":{"default":{"color":"CT_CSS_SKIP_RULEDEFAULT"},"hover":{"color":"CT_CSS_SKIP_RULEDEFAULT"}},"page_meta_button_type_background_colors":{"default":{"color":"CT_CSS_SKIP_RULEDEFAULT"},"hover":{"color":"CT_CSS_SKIP_RULEDEFAULT"}},"pageExcerptFont":{"family":"Default","variation":"Default","size":"CT_CSS_SKIP_RULE","line-height":"CT_CSS_SKIP_RULE","letter-spacing":"CT_CSS_SKIP_RULE","text-transform":"CT_CSS_SKIP_RULE","text-decoration":"CT_CSS_SKIP_RULE"},"pageExcerptColor":{"default":{"color":"CT_CSS_SKIP_RULEDEFAULT"}},"breadcrumbsFont":{"family":"Default","variation":"Default","size":"CT_CSS_SKIP_RULE","line-height":"CT_CSS_SKIP_RULE","letter-spacing":"CT_CSS_SKIP_RULE","text-transform":"CT_CSS_SKIP_RULE","text-decoration":"CT_CSS_SKIP_RULE"},"breadcrumbsFontColor":{"default":{"color":"CT_CSS_SKIP_RULEDEFAULT"},"initial":{"color":"CT_CSS_SKIP_RULEDEFAULT"},"hover":{"color":"CT_CSS_SKIP_RULEDEFAULT"}},"pageTitleOverlay":{"background_type":"color","background_pattern":"type-1","background_image":{"attachment_id":null,"x":0,"y":0},"gradient":"linear-gradient(135deg,rgba(6,147,227,1) 0%,rgb(155,81,224) 100%)","background_repeat":"repeat","background_size":"auto","background_attachment":"scroll","patternColor":{"default":{"color":"#e5e7ea"}},"overlayColor":{"default":{"color":"CT_CSS_SKIP_RULE"}},"backgroundColor":{"default":{"color":"CT_CSS_SKIP_RULE"}}},"pageTitleBackground":{"background_type":"color","background_pattern":"type-1","background_image":{"attachment_id":null,"x":0,"y":0},"gradient":"linear-gradient(135deg,rgba(6,147,227,1) 0%,rgb(155,81,224) 100%)","background_repeat":"repeat","background_size":"auto","background_attachment":"scroll","patternColor":{"default":{"color":"#e5e7ea"}},"overlayColor":{"default":{"color":"CT_CSS_SKIP_RULE"}},"backgroundColor":{"default":{"color":"var(--theme-palette-color-6)"}}},"pageTitlePadding":{"top":"50px","bottom":"50px","left":"auto","right":"auto","linked":true},"12e455f30de1d15aed0effbbb6f951bf":"","page_structure_type":"default","f474d2f3ad69b4e64f52dac0a3aa2bb2":"","content_style_source":"inherit","content_style":"wide","vertical_spacing_source":"custom","content_area_spacing":"none","background":{"background_type":"color","background_pattern":"type-1","background_image":{"attachment_id":null,"x":0,"y":0},"gradient":"linear-gradient(135deg,rgba(6,147,227,1) 0%,rgb(155,81,224) 100%)","background_repeat":"repeat","background_size":"auto","background_attachment":"scroll","patternColor":{"default":{"color":"#e5e7ea"}},"overlayColor":{"default":{"color":"CT_CSS_SKIP_RULE"}},"backgroundColor":{"default":{"color":"CT_CSS_SKIP_RULE"}}},"content_background":{"background_type":"color","background_pattern":"type-1","background_image":{"attachment_id":null,"x":0,"y":0},"gradient":"linear-gradient(135deg,rgba(6,147,227,1) 0%,rgb(155,81,224) 100%)","background_repeat":"repeat","background_size":"auto","background_attachment":"scroll","patternColor":{"default":{"color":"#e5e7ea"}},"overlayColor":{"default":{"color":"CT_CSS_SKIP_RULE"}},"backgroundColor":{"default":{"color":"var(--theme-palette-color-8)"}}},"content_boxed_shadow":{"inherit":false,"blur":18,"spread":-6,"v_offset":12,"h_offset":0,"inset":false,"enable":true,"color":{"color":"rgba(34, 56, 101, 0.04)"}},"content_boxed_border":{"width":1,"style":"none","color":{"color":"rgba(44,62,80,0.2)"}},"content_boxed_radius":{"top":"3px","bottom":"3px","left":"3px","right":"3px","linked":true},"boxed_content_spacing":{"desktop":{"top":"40px","bottom":"40px","left":"40px","right":"40px","linked":true},"tablet":{"top":"35px","bottom":"35px","left":"35px","right":"35px","linked":true},"mobile":{"top":"20px","bottom":"20px","left":"20px","right":"20px","linked":true}},"fca9f1d1c7aa58a4b21dd78357f6373e":"","disable_featured_image":"no","disable_share_box":"no","disable_header":"no","disable_footer":"no","styles_descriptor":{"styles":{"desktop":"","tablet":"","mobile":""},"google_fonts":[],"version":6}},"aioseo_notices":[],"_links":{"self":[{"href":"http:\/\/cpa.uea.edu.br\/index.php\/wp-json\/wp\/v2\/pages\/1429","targetHints":{"allow":["GET"]}}],"collection":[{"href":"http:\/\/cpa.uea.edu.br\/index.php\/wp-json\/wp\/v2\/pages"}],"about":[{"href":"http:\/\/cpa.uea.edu.br\/index.php\/wp-json\/wp\/v2\/types\/page"}],"author":[{"embeddable":true,"href":"http:\/\/cpa.uea.edu.br\/index.php\/wp-json\/wp\/v2\/users\/1"}],"replies":[{"embeddable":true,"href":"http:\/\/cpa.uea.edu.br\/index.php\/wp-json\/wp\/v2\/comments?post=1429"}],"version-history":[{"count":34,"href":"http:\/\/cpa.uea.edu.br\/index.php\/wp-json\/wp\/v2\/pages\/1429\/revisions"}],"predecessor-version":[{"id":1976,"href":"http:\/\/cpa.uea.edu.br\/index.php\/wp-json\/wp\/v2\/pages\/1429\/revisions\/1976"}],"wp:attachment":[{"href":"http:\/\/cpa.uea.edu.br\/index.php\/wp-json\/wp\/v2\/media?parent=1429"}],"curies":[{"name":"wp","href":"https:\/\/api.w.org\/{rel}","templated":true}]}}